{"id":3142,"date":"2022-11-18T23:21:33","date_gmt":"2022-11-18T23:21:33","guid":{"rendered":"https:\/\/slashies.hk\/?post_type=product&#038;p=3142"},"modified":"2022-11-18T23:34:45","modified_gmt":"2022-11-18T23:34:45","slug":"%e4%b8%ad%e5%9e%8b%e7%af%b7%e6%88%bf-%e6%96%b0%e7%94%a2%e5%93%81","status":"publish","type":"product","link":"https:\/\/slashies.hk\/zh\/product\/%e4%b8%ad%e5%9e%8b%e7%af%b7%e6%88%bf-%e6%96%b0%e7%94%a2%e5%93%81\/","title":{"rendered":"\u5927\u578b\u7bf7\u623f-\u65b0\u7522\u54c1"},"content":{"rendered":"<p><strong>\u63a1\u7528\u52a0\u539a\u92c1\u5408\u91d1\u6846\u67b6\u53ca\u52a0\u539a\u9632\u98a8\u5e06\u5e03, \u9ad8\u6a13\u5e95\u914d\u4ee5\u7121\u4e2d\u67f1\u5167\u7c60\u8a2d\u8a08\u53ef100%\u5145\u5206\u5229\u7528\u7a7a\u9593, \u9810\u7559\u5145\u8db3\u4f48\u7f6e\u88dd\u98fe.<\/strong><\/p>\n<p>\u914d\u5408\u900f\u660e\u7bf7\u9802\u53ca\u661f\u661f\u71c8\u5165\u591c\u5f8c\u6c23\u6c1b\u5341\u8db3, \u975e\u5e38\u9069\u5408<strong>\u6236\u5916\u5a5a\u79ae\u5bb4\u6703\u4f7f\u7528.<\/strong><\/p>\n<p>\u5099\u67098\u00d712, 8\u00d715, 8\u00d718, 8\u00d721, \u53ca8x24m \u7b49\u578b\u865f\u53ef\u4f9b\u9078\u64c7.<\/p>","protected":false},"excerpt":{"rendered":"<p>\u63a1\u7528\u52a0\u539a\u92c1\u5408\u91d1\u6846\u67b6\u53ca\u52a0\u539a\u9632\u98a8\u5e06\u5e03, \u9ad8\u6a13\u5e95\u914d\u4ee5\u7121\u4e2d\u67f1\u5167\u7c60\u8a2d\u8a08\u53ef100%\u5145\u5206\u5229\u7528\u7a7a\u9593, \u9810\u7559\u5145\u8db3\u4f48\u7f6e\u88dd\u98fe. \u914d\u5408\u900f\u660e\u7bf7\u9802\u53ca\u661f\u661f\u71c8\u5165\u591c\u5f8c\u6c23\u6c1b\u5341\u8db3, \u975e\u5e38\u9069\u5408\u6236\u5916\u5a5a\u79ae\u5bb4\u6703\u4f7f\u7528. \u5099\u67098\u00d712, 8\u00d715, 8\u00d718, 8\u00d721, \u53ca8x24m \u7b49\u578b\u865f\u53ef\u4f9b\u9078\u64c7.<\/p>","protected":false},"featured_media":3134,"comment_status":"open","ping_status":"closed","template":"","meta":{"_coblocks_attr":"","_coblocks_dimensions":"","_coblocks_responsive_height":"","_coblocks_accordion_ie_support":"","_themeisle_gutenberg_block_has_review":false},"product_brand":[],"product_cat":[176],"product_tag":[],"class_list":{"0":"post-3142","1":"product","2":"type-product","3":"status-publish","4":"has-post-thumbnail","6":"product_cat-marquee","8":"first","9":"instock","10":"shipping-taxable","11":"product-type-simple"},"yoast_head":"<!-- This site is optimized with the Yoast SEO plugin v27.4 - https:\/\/yoast.com\/product\/yoast-seo-wordpress\/ -->\n<title>\u5927\u578b\u7bf7\u623f-\u65b0\u7522\u54c1 - Slashies<\/title>\n<meta name=\"description\" content=\"\u63a1\u7528\u52a0\u539a\u92c1\u5408\u91d1\u6846\u67b6\u53ca\u52a0\u539a\u9632\u98a8\u5e06\u5e03, \u9ad8\u6a13\u5e95\u914d\u4ee5\u7121\u4e2d\u67f1\u5167\u7c60\u8a2d\u8a08\u53ef100%\u5145\u5206\u5229\u7528\u7a7a\u9593, \u9810\u7559\u5145\u8db3\u4f48\u7f6e\u88dd\u98fe.\u914d\u5408\u900f\u660e\u7bf7\u9802\u53ca\u661f\u661f\u71c8\u5165\u591c\u5f8c\u6c23\u6c1b\u5341\u8db3, \u975e\u5e38\u9069\u5408\u6236\u5916\u5a5a\u79ae\u5bb4\u6703\u4f7f\u7528.\u5099\u67098\u00d712, 8\u00d715, 8\u00d718, 8\u00d721, \u53ca8x24m \u7b49\u578b\u865f\u53ef\u4f9b\u9078\u64c7.\" \/>\n<meta name=\"robots\" content=\"index, follow, max-snippet:-1, max-image-preview:large, max-video-preview:-1\" \/>\n<link rel=\"canonical\" href=\"https:\/\/slashies.hk\/zh\/product\/\u4e2d\u578b\u7bf7\u623f-\u65b0\u7522\u54c1\/\" \/>\n<meta property=\"og:locale\" content=\"zh_HK\" \/>\n<meta property=\"og:type\" content=\"article\" \/>\n<meta property=\"og:title\" content=\"\u5927\u578b\u7bf7\u623f-\u65b0\u7522\u54c1 - Slashies\" \/>\n<meta property=\"og:description\" content=\"\u63a1\u7528\u52a0\u539a\u92c1\u5408\u91d1\u6846\u67b6\u53ca\u52a0\u539a\u9632\u98a8\u5e06\u5e03, \u9ad8\u6a13\u5e95\u914d\u4ee5\u7121\u4e2d\u67f1\u5167\u7c60\u8a2d\u8a08\u53ef100%\u5145\u5206\u5229\u7528\u7a7a\u9593, \u9810\u7559\u5145\u8db3\u4f48\u7f6e\u88dd\u98fe.\u914d\u5408\u900f\u660e\u7bf7\u9802\u53ca\u661f\u661f\u71c8\u5165\u591c\u5f8c\u6c23\u6c1b\u5341\u8db3, \u975e\u5e38\u9069\u5408\u6236\u5916\u5a5a\u79ae\u5bb4\u6703\u4f7f\u7528.\u5099\u67098\u00d712, 8\u00d715, 8\u00d718, 8\u00d721, \u53ca8x24m \u7b49\u578b\u865f\u53ef\u4f9b\u9078\u64c7.\" \/>\n<meta property=\"og:url\" content=\"https:\/\/slashies.hk\/zh\/product\/\u4e2d\u578b\u7bf7\u623f-\u65b0\u7522\u54c1\/\" \/>\n<meta property=\"og:site_name\" content=\"Slashies\" \/>\n<meta property=\"article:modified_time\" content=\"2022-11-18T23:34:45+00:00\" \/>\n<meta property=\"og:image\" content=\"https:\/\/slashies.hk\/wp-content\/uploads\/2022\/11\/\u7bf7\u623f.jpg\" \/>\n\t<meta property=\"og:image:width\" content=\"500\" \/>\n\t<meta property=\"og:image:height\" content=\"286\" \/>\n\t<meta property=\"og:image:type\" content=\"image\/jpeg\" \/>\n<meta name=\"twitter:card\" content=\"summary_large_image\" \/>\n<meta name=\"twitter:label1\" content=\"\u9810\u8a08\u95b1\u8b80\u6642\u9593\" \/>\n\t<meta name=\"twitter:data1\" content=\"1 \u5206\u9418\" \/>\n<script type=\"application\/ld+json\" class=\"yoast-schema-graph\">{\"@context\":\"https:\\\/\\\/schema.org\",\"@graph\":[{\"@type\":\"WebPage\",\"@id\":\"https:\\\/\\\/slashies.hk\\\/product\\\/%e4%b8%ad%e5%9e%8b%e7%af%b7%e6%88%bf-%e6%96%b0%e7%94%a2%e5%93%81\\\/\",\"url\":\"https:\\\/\\\/slashies.hk\\\/product\\\/%e4%b8%ad%e5%9e%8b%e7%af%b7%e6%88%bf-%e6%96%b0%e7%94%a2%e5%93%81\\\/\",\"name\":\"\u5927\u578b\u7bf7\u623f-\u65b0\u7522\u54c1 - Slashies\",\"isPartOf\":{\"@id\":\"https:\\\/\\\/slashies.hk\\\/#website\"},\"primaryImageOfPage\":{\"@id\":\"https:\\\/\\\/slashies.hk\\\/product\\\/%e4%b8%ad%e5%9e%8b%e7%af%b7%e6%88%bf-%e6%96%b0%e7%94%a2%e5%93%81\\\/#primaryimage\"},\"image\":{\"@id\":\"https:\\\/\\\/slashies.hk\\\/product\\\/%e4%b8%ad%e5%9e%8b%e7%af%b7%e6%88%bf-%e6%96%b0%e7%94%a2%e5%93%81\\\/#primaryimage\"},\"thumbnailUrl\":\"https:\\\/\\\/slashies.hk\\\/wp-content\\\/uploads\\\/2022\\\/11\\\/\u7bf7\u623f.jpg\",\"datePublished\":\"2022-11-18T23:21:33+00:00\",\"dateModified\":\"2022-11-18T23:34:45+00:00\",\"description\":\"\u63a1\u7528\u52a0\u539a\u92c1\u5408\u91d1\u6846\u67b6\u53ca\u52a0\u539a\u9632\u98a8\u5e06\u5e03, \u9ad8\u6a13\u5e95\u914d\u4ee5\u7121\u4e2d\u67f1\u5167\u7c60\u8a2d\u8a08\u53ef100%\u5145\u5206\u5229\u7528\u7a7a\u9593, \u9810\u7559\u5145\u8db3\u4f48\u7f6e\u88dd\u98fe.\u914d\u5408\u900f\u660e\u7bf7\u9802\u53ca\u661f\u661f\u71c8\u5165\u591c\u5f8c\u6c23\u6c1b\u5341\u8db3, \u975e\u5e38\u9069\u5408\u6236\u5916\u5a5a\u79ae\u5bb4\u6703\u4f7f\u7528.\u5099\u67098\u00d712, 8\u00d715, 8\u00d718, 8\u00d721, \u53ca8x24m \u7b49\u578b\u865f\u53ef\u4f9b\u9078\u64c7.\",\"breadcrumb\":{\"@id\":\"https:\\\/\\\/slashies.hk\\\/product\\\/%e4%b8%ad%e5%9e%8b%e7%af%b7%e6%88%bf-%e6%96%b0%e7%94%a2%e5%93%81\\\/#breadcrumb\"},\"inLanguage\":\"zh-HK\",\"potentialAction\":[{\"@type\":\"ReadAction\",\"target\":[\"https:\\\/\\\/slashies.hk\\\/product\\\/%e4%b8%ad%e5%9e%8b%e7%af%b7%e6%88%bf-%e6%96%b0%e7%94%a2%e5%93%81\\\/\"]}]},{\"@type\":\"ImageObject\",\"inLanguage\":\"zh-HK\",\"@id\":\"https:\\\/\\\/slashies.hk\\\/product\\\/%e4%b8%ad%e5%9e%8b%e7%af%b7%e6%88%bf-%e6%96%b0%e7%94%a2%e5%93%81\\\/#primaryimage\",\"url\":\"https:\\\/\\\/slashies.hk\\\/wp-content\\\/uploads\\\/2022\\\/11\\\/\u7bf7\u623f.jpg\",\"contentUrl\":\"https:\\\/\\\/slashies.hk\\\/wp-content\\\/uploads\\\/2022\\\/11\\\/\u7bf7\u623f.jpg\",\"width\":500,\"height\":286},{\"@type\":\"BreadcrumbList\",\"@id\":\"https:\\\/\\\/slashies.hk\\\/product\\\/%e4%b8%ad%e5%9e%8b%e7%af%b7%e6%88%bf-%e6%96%b0%e7%94%a2%e5%93%81\\\/#breadcrumb\",\"itemListElement\":[{\"@type\":\"ListItem\",\"position\":1,\"name\":\"Home\",\"item\":\"https:\\\/\\\/slashies.hk\\\/\"},{\"@type\":\"ListItem\",\"position\":2,\"name\":\"Shop\",\"item\":\"https:\\\/\\\/slashies.hk\\\/shop\\\/\"},{\"@type\":\"ListItem\",\"position\":3,\"name\":\"\u5927\u578b\u7bf7\u623f-\u65b0\u7522\u54c1\"}]},{\"@type\":\"WebSite\",\"@id\":\"https:\\\/\\\/slashies.hk\\\/#website\",\"url\":\"https:\\\/\\\/slashies.hk\\\/\",\"name\":\"Slashies\",\"description\":\"Event and Party Supplies\",\"publisher\":{\"@id\":\"https:\\\/\\\/slashies.hk\\\/#organization\"},\"potentialAction\":[{\"@type\":\"SearchAction\",\"target\":{\"@type\":\"EntryPoint\",\"urlTemplate\":\"https:\\\/\\\/slashies.hk\\\/?s={search_term_string}\"},\"query-input\":{\"@type\":\"PropertyValueSpecification\",\"valueRequired\":true,\"valueName\":\"search_term_string\"}}],\"inLanguage\":\"zh-HK\"},{\"@type\":\"Organization\",\"@id\":\"https:\\\/\\\/slashies.hk\\\/#organization\",\"name\":\"Slashies\",\"url\":\"https:\\\/\\\/slashies.hk\\\/\",\"logo\":{\"@type\":\"ImageObject\",\"inLanguage\":\"zh-HK\",\"@id\":\"https:\\\/\\\/slashies.hk\\\/#\\\/schema\\\/logo\\\/image\\\/\",\"url\":\"https:\\\/\\\/slashies.hk\\\/wp-content\\\/uploads\\\/2022\\\/10\\\/cropped-pkcat123-Slashiesfa_\u753b\u677f-1-\u526f\u672c-3.png\",\"contentUrl\":\"https:\\\/\\\/slashies.hk\\\/wp-content\\\/uploads\\\/2022\\\/10\\\/cropped-pkcat123-Slashiesfa_\u753b\u677f-1-\u526f\u672c-3.png\",\"width\":250,\"height\":62,\"caption\":\"Slashies\"},\"image\":{\"@id\":\"https:\\\/\\\/slashies.hk\\\/#\\\/schema\\\/logo\\\/image\\\/\"}}]}<\/script>\n<!-- \/ Yoast SEO plugin. -->","yoast_head_json":{"title":"\u5927\u578b\u7bf7\u623f-\u65b0\u7522\u54c1 - Slashies","description":"\u63a1\u7528\u52a0\u539a\u92c1\u5408\u91d1\u6846\u67b6\u53ca\u52a0\u539a\u9632\u98a8\u5e06\u5e03, \u9ad8\u6a13\u5e95\u914d\u4ee5\u7121\u4e2d\u67f1\u5167\u7c60\u8a2d\u8a08\u53ef100%\u5145\u5206\u5229\u7528\u7a7a\u9593, \u9810\u7559\u5145\u8db3\u4f48\u7f6e\u88dd\u98fe.\u914d\u5408\u900f\u660e\u7bf7\u9802\u53ca\u661f\u661f\u71c8\u5165\u591c\u5f8c\u6c23\u6c1b\u5341\u8db3, \u975e\u5e38\u9069\u5408\u6236\u5916\u5a5a\u79ae\u5bb4\u6703\u4f7f\u7528.\u5099\u67098\u00d712, 8\u00d715, 8\u00d718, 8\u00d721, \u53ca8x24m \u7b49\u578b\u865f\u53ef\u4f9b\u9078\u64c7.","robots":{"index":"index","follow":"follow","max-snippet":"max-snippet:-1","max-image-preview":"max-image-preview:large","max-video-preview":"max-video-preview:-1"},"canonical":"https:\/\/slashies.hk\/zh\/product\/\u4e2d\u578b\u7bf7\u623f-\u65b0\u7522\u54c1\/","og_locale":"zh_HK","og_type":"article","og_title":"\u5927\u578b\u7bf7\u623f-\u65b0\u7522\u54c1 - Slashies","og_description":"\u63a1\u7528\u52a0\u539a\u92c1\u5408\u91d1\u6846\u67b6\u53ca\u52a0\u539a\u9632\u98a8\u5e06\u5e03, \u9ad8\u6a13\u5e95\u914d\u4ee5\u7121\u4e2d\u67f1\u5167\u7c60\u8a2d\u8a08\u53ef100%\u5145\u5206\u5229\u7528\u7a7a\u9593, \u9810\u7559\u5145\u8db3\u4f48\u7f6e\u88dd\u98fe.\u914d\u5408\u900f\u660e\u7bf7\u9802\u53ca\u661f\u661f\u71c8\u5165\u591c\u5f8c\u6c23\u6c1b\u5341\u8db3, \u975e\u5e38\u9069\u5408\u6236\u5916\u5a5a\u79ae\u5bb4\u6703\u4f7f\u7528.\u5099\u67098\u00d712, 8\u00d715, 8\u00d718, 8\u00d721, \u53ca8x24m \u7b49\u578b\u865f\u53ef\u4f9b\u9078\u64c7.","og_url":"https:\/\/slashies.hk\/zh\/product\/\u4e2d\u578b\u7bf7\u623f-\u65b0\u7522\u54c1\/","og_site_name":"Slashies","article_modified_time":"2022-11-18T23:34:45+00:00","og_image":[{"width":500,"height":286,"url":"https:\/\/slashies.hk\/wp-content\/uploads\/2022\/11\/\u7bf7\u623f.jpg","type":"image\/jpeg"}],"twitter_card":"summary_large_image","twitter_misc":{"\u9810\u8a08\u95b1\u8b80\u6642\u9593":"1 \u5206\u9418"},"schema":{"@context":"https:\/\/schema.org","@graph":[{"@type":"WebPage","@id":"https:\/\/slashies.hk\/product\/%e4%b8%ad%e5%9e%8b%e7%af%b7%e6%88%bf-%e6%96%b0%e7%94%a2%e5%93%81\/","url":"https:\/\/slashies.hk\/product\/%e4%b8%ad%e5%9e%8b%e7%af%b7%e6%88%bf-%e6%96%b0%e7%94%a2%e5%93%81\/","name":"\u5927\u578b\u7bf7\u623f-\u65b0\u7522\u54c1 - Slashies","isPartOf":{"@id":"https:\/\/slashies.hk\/#website"},"primaryImageOfPage":{"@id":"https:\/\/slashies.hk\/product\/%e4%b8%ad%e5%9e%8b%e7%af%b7%e6%88%bf-%e6%96%b0%e7%94%a2%e5%93%81\/#primaryimage"},"image":{"@id":"https:\/\/slashies.hk\/product\/%e4%b8%ad%e5%9e%8b%e7%af%b7%e6%88%bf-%e6%96%b0%e7%94%a2%e5%93%81\/#primaryimage"},"thumbnailUrl":"https:\/\/slashies.hk\/wp-content\/uploads\/2022\/11\/\u7bf7\u623f.jpg","datePublished":"2022-11-18T23:21:33+00:00","dateModified":"2022-11-18T23:34:45+00:00","description":"\u63a1\u7528\u52a0\u539a\u92c1\u5408\u91d1\u6846\u67b6\u53ca\u52a0\u539a\u9632\u98a8\u5e06\u5e03, \u9ad8\u6a13\u5e95\u914d\u4ee5\u7121\u4e2d\u67f1\u5167\u7c60\u8a2d\u8a08\u53ef100%\u5145\u5206\u5229\u7528\u7a7a\u9593, \u9810\u7559\u5145\u8db3\u4f48\u7f6e\u88dd\u98fe.\u914d\u5408\u900f\u660e\u7bf7\u9802\u53ca\u661f\u661f\u71c8\u5165\u591c\u5f8c\u6c23\u6c1b\u5341\u8db3, \u975e\u5e38\u9069\u5408\u6236\u5916\u5a5a\u79ae\u5bb4\u6703\u4f7f\u7528.\u5099\u67098\u00d712, 8\u00d715, 8\u00d718, 8\u00d721, \u53ca8x24m \u7b49\u578b\u865f\u53ef\u4f9b\u9078\u64c7.","breadcrumb":{"@id":"https:\/\/slashies.hk\/product\/%e4%b8%ad%e5%9e%8b%e7%af%b7%e6%88%bf-%e6%96%b0%e7%94%a2%e5%93%81\/#breadcrumb"},"inLanguage":"zh-HK","potentialAction":[{"@type":"ReadAction","target":["https:\/\/slashies.hk\/product\/%e4%b8%ad%e5%9e%8b%e7%af%b7%e6%88%bf-%e6%96%b0%e7%94%a2%e5%93%81\/"]}]},{"@type":"ImageObject","inLanguage":"zh-HK","@id":"https:\/\/slashies.hk\/product\/%e4%b8%ad%e5%9e%8b%e7%af%b7%e6%88%bf-%e6%96%b0%e7%94%a2%e5%93%81\/#primaryimage","url":"https:\/\/slashies.hk\/wp-content\/uploads\/2022\/11\/\u7bf7\u623f.jpg","contentUrl":"https:\/\/slashies.hk\/wp-content\/uploads\/2022\/11\/\u7bf7\u623f.jpg","width":500,"height":286},{"@type":"BreadcrumbList","@id":"https:\/\/slashies.hk\/product\/%e4%b8%ad%e5%9e%8b%e7%af%b7%e6%88%bf-%e6%96%b0%e7%94%a2%e5%93%81\/#breadcrumb","itemListElement":[{"@type":"ListItem","position":1,"name":"Home","item":"https:\/\/slashies.hk\/"},{"@type":"ListItem","position":2,"name":"Shop","item":"https:\/\/slashies.hk\/shop\/"},{"@type":"ListItem","position":3,"name":"\u5927\u578b\u7bf7\u623f-\u65b0\u7522\u54c1"}]},{"@type":"WebSite","@id":"https:\/\/slashies.hk\/#website","url":"https:\/\/slashies.hk\/","name":"Slashies","description":"Event and Party Supplies","publisher":{"@id":"https:\/\/slashies.hk\/#organization"},"potentialAction":[{"@type":"SearchAction","target":{"@type":"EntryPoint","urlTemplate":"https:\/\/slashies.hk\/?s={search_term_string}"},"query-input":{"@type":"PropertyValueSpecification","valueRequired":true,"valueName":"search_term_string"}}],"inLanguage":"zh-HK"},{"@type":"Organization","@id":"https:\/\/slashies.hk\/#organization","name":"Slashies","url":"https:\/\/slashies.hk\/","logo":{"@type":"ImageObject","inLanguage":"zh-HK","@id":"https:\/\/slashies.hk\/#\/schema\/logo\/image\/","url":"https:\/\/slashies.hk\/wp-content\/uploads\/2022\/10\/cropped-pkcat123-Slashiesfa_\u753b\u677f-1-\u526f\u672c-3.png","contentUrl":"https:\/\/slashies.hk\/wp-content\/uploads\/2022\/10\/cropped-pkcat123-Slashiesfa_\u753b\u677f-1-\u526f\u672c-3.png","width":250,"height":62,"caption":"Slashies"},"image":{"@id":"https:\/\/slashies.hk\/#\/schema\/logo\/image\/"}}]}},"_links":{"self":[{"href":"https:\/\/slashies.hk\/zh\/wp-json\/wp\/v2\/product\/3142","targetHints":{"allow":["GET"]}}],"collection":[{"href":"https:\/\/slashies.hk\/zh\/wp-json\/wp\/v2\/product"}],"about":[{"href":"https:\/\/slashies.hk\/zh\/wp-json\/wp\/v2\/types\/product"}],"replies":[{"embeddable":true,"href":"https:\/\/slashies.hk\/zh\/wp-json\/wp\/v2\/comments?post=3142"}],"wp:featuredmedia":[{"embeddable":true,"href":"https:\/\/slashies.hk\/zh\/wp-json\/wp\/v2\/media\/3134"}],"wp:attachment":[{"href":"https:\/\/slashies.hk\/zh\/wp-json\/wp\/v2\/media?parent=3142"}],"wp:term":[{"taxonomy":"product_brand","embeddable":true,"href":"https:\/\/slashies.hk\/zh\/wp-json\/wp\/v2\/product_brand?post=3142"},{"taxonomy":"product_cat","embeddable":true,"href":"https:\/\/slashies.hk\/zh\/wp-json\/wp\/v2\/product_cat?post=3142"},{"taxonomy":"product_tag","embeddable":true,"href":"https:\/\/slashies.hk\/zh\/wp-json\/wp\/v2\/product_tag?post=3142"}],"curies":[{"name":"wp","href":"https:\/\/api.w.org\/{rel}","templated":true}]}}